{"id":5770,"date":"2025-02-23T19:05:44","date_gmt":"2025-02-23T17:05:44","guid":{"rendered":"https:\/\/zeyl.ch\/?post_type=product&#038;p=5770"},"modified":"2025-03-02T23:06:57","modified_gmt":"2025-03-02T21:06:57","slug":"chemise-croisee","status":"publish","type":"product","link":"https:\/\/zeyl.ch\/de\/produkt\/chemise-croisee\/","title":{"rendered":"Bluse"},"content":{"rendered":"<p>Dieses blaue <strong data-start=\"78\" data-end=\"92\">Baumwollhemd<\/strong> vereint Komfort und Raffinesse mit seinem vielseitigen Design. Tragen Sie sie <strong data-start=\"163\" data-end=\"196\">gerade f\u00fcr einen klaren Look<\/strong> oder <strong data-start=\"201\" data-end=\"237\">gewickelt und seitlich gekn\u00f6pft<\/strong> f\u00fcr einen Hauch von Originalit\u00e4t und Struktur. Ein <strong data-start=\"288\" data-end=\"306\">raffiniertes Detail:<\/strong> Ein <strong data-start=\"312\" data-end=\"352\">zartes &#8222;Z&#8220;, das dezent am \u00c4rmel gestickt ist<\/strong>, eine subtile Signatur, die den Unterschied ausmacht.<\/p>\n<p>Ideal f\u00fcr einen modernen und zeitlosen Stil passt dieses St\u00fcck sowohl zu Ihren W\u00fcnschen als auch zu jeder Gelegenheit.<\/p>\n","protected":false},"excerpt":{"rendered":"<p>Dieses blaue Baumwollhemd vereint Komfort und Raffinesse mit seinem vielseitigen Design. Tragen Sie sie gerade&#8230;<\/p>\n","protected":false},"featured_media":5583,"comment_status":"open","ping_status":"closed","template":"","meta":[],"product_brand":[],"product_cat":[179],"product_tag":[],"class_list":{"0":"post-5770","1":"product","2":"type-product","3":"status-publish","4":"has-post-thumbnail","6":"product_cat-kleidung","8":"first","9":"instock","10":"taxable","11":"shipping-taxable","12":"purchasable","13":"product-type-variable"},"etheme_brands":{"errors":{"invalid_taxonomy":["Die Taxonomie ist ung\u00fcltig."]},"error_data":[]},"jetpack_sharing_enabled":true,"_links":{"self":[{"href":"https:\/\/zeyl.ch\/de\/wp-json\/wp\/v2\/product\/5770","targetHints":{"allow":["GET"]}}],"collection":[{"href":"https:\/\/zeyl.ch\/de\/wp-json\/wp\/v2\/product"}],"about":[{"href":"https:\/\/zeyl.ch\/de\/wp-json\/wp\/v2\/types\/product"}],"replies":[{"embeddable":true,"href":"https:\/\/zeyl.ch\/de\/wp-json\/wp\/v2\/comments?post=5770"}],"version-history":[{"count":2,"href":"https:\/\/zeyl.ch\/de\/wp-json\/wp\/v2\/product\/5770\/revisions"}],"predecessor-version":[{"id":5793,"href":"https:\/\/zeyl.ch\/de\/wp-json\/wp\/v2\/product\/5770\/revisions\/5793"}],"wp:featuredmedia":[{"embeddable":true,"href":"https:\/\/zeyl.ch\/de\/wp-json\/wp\/v2\/media\/5583"}],"wp:attachment":[{"href":"https:\/\/zeyl.ch\/de\/wp-json\/wp\/v2\/media?parent=5770"}],"wp:term":[{"taxonomy":"product_brand","embeddable":true,"href":"https:\/\/zeyl.ch\/de\/wp-json\/wp\/v2\/product_brand?post=5770"},{"taxonomy":"product_cat","embeddable":true,"href":"https:\/\/zeyl.ch\/de\/wp-json\/wp\/v2\/product_cat?post=5770"},{"taxonomy":"product_tag","embeddable":true,"href":"https:\/\/zeyl.ch\/de\/wp-json\/wp\/v2\/product_tag?post=5770"}],"curies":[{"name":"wp","href":"https:\/\/api.w.org\/{rel}","templated":true}]}}