{"id":5769,"date":"2025-02-23T19:30:12","date_gmt":"2025-02-23T17:30:12","guid":{"rendered":"https:\/\/zeyl.ch\/?post_type=product&#038;p=5769"},"modified":"2025-04-01T20:44:37","modified_gmt":"2025-04-01T18:44:37","slug":"robe-plissee","status":"publish","type":"product","link":"https:\/\/zeyl.ch\/de\/produkt\/robe-plissee\/","title":{"rendered":"Plissiertes Kleid"},"content":{"rendered":"<p data-start=\"48\" data-end=\"376\">Dieses schwarze plissierte Kleid verk\u00f6rpert die perfekte Balance zwischen <strong data-start=\"107\" data-end=\"130\">Eleganz und Komfort<\/strong>. Hergestellt aus einer weichen und atmungsaktiven Mischung, bietet es einen flie\u00dfenden Schnitt und einen makellosen Fall. Ihre <strong data-start=\"268\" data-end=\"285\">zarten Falten<\/strong> verleihen Bewegung und Struktur und betonen jede Silhouette mit Raffinesse.<\/p>\n<p data-start=\"378\" data-end=\"502\" data-is-last-node=\"\" data-is-only-node=\"\">Vielseitig und zeitlos, l\u00e4sst sie sich sowohl im Alltag als auch am Abend tragen und sorgt stets f\u00fcr einen schicken und m\u00fchelosen Look.<\/p>\n<p data-start=\"378\" data-end=\"502\" data-is-last-node=\"\" data-is-only-node=\"\"><strong data-start=\"180\" data-end=\"210\">80 % Baumwolle, 20 % Polyester<\/strong><\/p>\n","protected":false},"excerpt":{"rendered":"<p>Dieses schwarze plissierte Kleid verk\u00f6rpert die perfekte Balance zwischen Eleganz und Komfort. Hergestellt aus einer&#8230;<\/p>\n","protected":false},"featured_media":5595,"comment_status":"open","ping_status":"closed","template":"","meta":[],"product_brand":[],"product_cat":[179],"product_tag":[],"class_list":{"0":"post-5769","1":"product","2":"type-product","3":"status-publish","4":"has-post-thumbnail","6":"product_cat-kleidung","8":"first","9":"instock","10":"taxable","11":"shipping-taxable","12":"purchasable","13":"product-type-variable"},"etheme_brands":{"errors":{"invalid_taxonomy":["Die Taxonomie ist ung\u00fcltig."]},"error_data":[]},"jetpack_sharing_enabled":true,"_links":{"self":[{"href":"https:\/\/zeyl.ch\/de\/wp-json\/wp\/v2\/product\/5769","targetHints":{"allow":["GET"]}}],"collection":[{"href":"https:\/\/zeyl.ch\/de\/wp-json\/wp\/v2\/product"}],"about":[{"href":"https:\/\/zeyl.ch\/de\/wp-json\/wp\/v2\/types\/product"}],"replies":[{"embeddable":true,"href":"https:\/\/zeyl.ch\/de\/wp-json\/wp\/v2\/comments?post=5769"}],"version-history":[{"count":2,"href":"https:\/\/zeyl.ch\/de\/wp-json\/wp\/v2\/product\/5769\/revisions"}],"predecessor-version":[{"id":5792,"href":"https:\/\/zeyl.ch\/de\/wp-json\/wp\/v2\/product\/5769\/revisions\/5792"}],"wp:featuredmedia":[{"embeddable":true,"href":"https:\/\/zeyl.ch\/de\/wp-json\/wp\/v2\/media\/5595"}],"wp:attachment":[{"href":"https:\/\/zeyl.ch\/de\/wp-json\/wp\/v2\/media?parent=5769"}],"wp:term":[{"taxonomy":"product_brand","embeddable":true,"href":"https:\/\/zeyl.ch\/de\/wp-json\/wp\/v2\/product_brand?post=5769"},{"taxonomy":"product_cat","embeddable":true,"href":"https:\/\/zeyl.ch\/de\/wp-json\/wp\/v2\/product_cat?post=5769"},{"taxonomy":"product_tag","embeddable":true,"href":"https:\/\/zeyl.ch\/de\/wp-json\/wp\/v2\/product_tag?post=5769"}],"curies":[{"name":"wp","href":"https:\/\/api.w.org\/{rel}","templated":true}]}}