{"id":5768,"date":"2025-02-23T19:38:19","date_gmt":"2025-02-23T17:38:19","guid":{"rendered":"https:\/\/zeyl.ch\/?post_type=product&#038;p=5768"},"modified":"2025-05-20T02:16:35","modified_gmt":"2025-05-20T00:16:35","slug":"blazer","status":"publish","type":"product","link":"https:\/\/zeyl.ch\/de\/produkt\/blazer\/","title":{"rendered":"Blazer"},"content":{"rendered":"<p data-start=\"48\" data-end=\"376\">Eleganz und Struktur definieren diesen <strong data-start=\"85\" data-end=\"100\">braunen Blazer<\/strong>, der aus einem au\u00dfergew\u00f6hnlichen Stoff mit makellosem Fall gefertigt ist. Sein taillierter Schnitt und die sorgf\u00e4ltigen Details machen ihn zu einem Schl\u00fcsselst\u00fcck \u2013 ideal f\u00fcr einen selbstbewussten und eleganten Look. Perfekt kombinierbar mit der passenden Weste und Hose oder einzeln getragen f\u00fcr einen l\u00e4ssigeren Look.<\/p>\n<p data-start=\"48\" data-end=\"376\"><strong data-start=\"142\" data-end=\"170\">75 % Baumwolle, 25 % Polyester<\/strong><\/p>\n","protected":false},"excerpt":{"rendered":"<p>Eleganz und Struktur definieren diesen braunen Blazer, der aus einem au\u00dfergew\u00f6hnlichen Stoff mit makellosem Fall&#8230;<\/p>\n","protected":false},"featured_media":5617,"comment_status":"open","ping_status":"closed","template":"","meta":[],"product_brand":[],"product_cat":[179],"product_tag":[],"class_list":{"0":"post-5768","1":"product","2":"type-product","3":"status-publish","4":"has-post-thumbnail","6":"product_cat-kleidung","8":"first","9":"instock","10":"taxable","11":"shipping-taxable","12":"purchasable","13":"product-type-variable"},"etheme_brands":{"errors":{"invalid_taxonomy":["Die Taxonomie ist ung\u00fcltig."]},"error_data":[]},"jetpack_sharing_enabled":true,"_links":{"self":[{"href":"https:\/\/zeyl.ch\/de\/wp-json\/wp\/v2\/product\/5768","targetHints":{"allow":["GET"]}}],"collection":[{"href":"https:\/\/zeyl.ch\/de\/wp-json\/wp\/v2\/product"}],"about":[{"href":"https:\/\/zeyl.ch\/de\/wp-json\/wp\/v2\/types\/product"}],"replies":[{"embeddable":true,"href":"https:\/\/zeyl.ch\/de\/wp-json\/wp\/v2\/comments?post=5768"}],"version-history":[{"count":2,"href":"https:\/\/zeyl.ch\/de\/wp-json\/wp\/v2\/product\/5768\/revisions"}],"predecessor-version":[{"id":5791,"href":"https:\/\/zeyl.ch\/de\/wp-json\/wp\/v2\/product\/5768\/revisions\/5791"}],"wp:featuredmedia":[{"embeddable":true,"href":"https:\/\/zeyl.ch\/de\/wp-json\/wp\/v2\/media\/5617"}],"wp:attachment":[{"href":"https:\/\/zeyl.ch\/de\/wp-json\/wp\/v2\/media?parent=5768"}],"wp:term":[{"taxonomy":"product_brand","embeddable":true,"href":"https:\/\/zeyl.ch\/de\/wp-json\/wp\/v2\/product_brand?post=5768"},{"taxonomy":"product_cat","embeddable":true,"href":"https:\/\/zeyl.ch\/de\/wp-json\/wp\/v2\/product_cat?post=5768"},{"taxonomy":"product_tag","embeddable":true,"href":"https:\/\/zeyl.ch\/de\/wp-json\/wp\/v2\/product_tag?post=5768"}],"curies":[{"name":"wp","href":"https:\/\/api.w.org\/{rel}","templated":true}]}}