{"id":5755,"date":"2025-02-23T19:47:17","date_gmt":"2025-02-23T17:47:17","guid":{"rendered":"https:\/\/zeyl.ch\/product\/hose\/"},"modified":"2025-05-20T02:16:35","modified_gmt":"2025-05-20T00:16:35","slug":"hose","status":"publish","type":"product","link":"https:\/\/zeyl.ch\/de\/produkt\/hose\/","title":{"rendered":"Hose"},"content":{"rendered":"<p data-start=\"48\" data-end=\"376\">Fliessend und gut geschnitten, wurde diese <strong data-start=\"810\" data-end=\"827\">braune Hose<\/strong> entworfen, um <strong data-start=\"850\" data-end=\"870\">Stil und Komfort<\/strong> zu vereinen. Ihr hochwertiger Stoff sorgt den ganzen Tag \u00fcber f\u00fcr einen makellosen Sitz. Tragen Sie sie mit dem passenden Blazer und Weste f\u00fcr einen abgestimmten Look oder einzeln f\u00fcr eine l\u00e4ssige Eleganz.  <\/p>\n<p data-start=\"48\" data-end=\"376\"><strong data-start=\"142\" data-end=\"170\">75 % Baumwolle, 25 % Polyester<\/strong><\/p>\n","protected":false},"excerpt":{"rendered":"<p>Fliessend und gut geschnitten, wurde diese braune Hose entworfen, um Stil und Komfort zu vereinen&#8230;.<\/p>\n","protected":false},"featured_media":5634,"comment_status":"open","ping_status":"closed","template":"","meta":[],"product_brand":[],"product_cat":[179],"product_tag":[],"class_list":{"0":"post-5755","1":"product","2":"type-product","3":"status-publish","4":"has-post-thumbnail","6":"product_cat-kleidung","8":"first","9":"instock","10":"taxable","11":"shipping-taxable","12":"purchasable","13":"product-type-variable"},"etheme_brands":{"errors":{"invalid_taxonomy":["Die Taxonomie ist ung\u00fcltig."]},"error_data":[]},"jetpack_sharing_enabled":true,"_links":{"self":[{"href":"https:\/\/zeyl.ch\/de\/wp-json\/wp\/v2\/product\/5755","targetHints":{"allow":["GET"]}}],"collection":[{"href":"https:\/\/zeyl.ch\/de\/wp-json\/wp\/v2\/product"}],"about":[{"href":"https:\/\/zeyl.ch\/de\/wp-json\/wp\/v2\/types\/product"}],"replies":[{"embeddable":true,"href":"https:\/\/zeyl.ch\/de\/wp-json\/wp\/v2\/comments?post=5755"}],"version-history":[{"count":1,"href":"https:\/\/zeyl.ch\/de\/wp-json\/wp\/v2\/product\/5755\/revisions"}],"predecessor-version":[{"id":5789,"href":"https:\/\/zeyl.ch\/de\/wp-json\/wp\/v2\/product\/5755\/revisions\/5789"}],"wp:featuredmedia":[{"embeddable":true,"href":"https:\/\/zeyl.ch\/de\/wp-json\/wp\/v2\/media\/5634"}],"wp:attachment":[{"href":"https:\/\/zeyl.ch\/de\/wp-json\/wp\/v2\/media?parent=5755"}],"wp:term":[{"taxonomy":"product_brand","embeddable":true,"href":"https:\/\/zeyl.ch\/de\/wp-json\/wp\/v2\/product_brand?post=5755"},{"taxonomy":"product_cat","embeddable":true,"href":"https:\/\/zeyl.ch\/de\/wp-json\/wp\/v2\/product_cat?post=5755"},{"taxonomy":"product_tag","embeddable":true,"href":"https:\/\/zeyl.ch\/de\/wp-json\/wp\/v2\/product_tag?post=5755"}],"curies":[{"name":"wp","href":"https:\/\/api.w.org\/{rel}","templated":true}]}}