{"id":2712,"date":"2022-06-26T16:58:47","date_gmt":"2022-06-26T14:58:47","guid":{"rendered":"https:\/\/zeyl.webosa.ch\/allgemeine-bedingungen\/"},"modified":"2023-04-10T13:52:59","modified_gmt":"2023-04-10T11:52:59","slug":"allgemeine-bedingungen","status":"publish","type":"page","link":"https:\/\/zeyl.ch\/de\/allgemeine-bedingungen\/","title":{"rendered":"Allgemeine Bedingungen"},"content":{"rendered":"\t\t<div data-elementor-type=\"wp-page\" data-elementor-id=\"2712\" class=\"elementor elementor-2712 elementor-3\">\n\t\t\t\t\t\t<section class=\"elementor-section elementor-top-section elementor-element elementor-element-252e3e37 elementor-section-boxed elementor-section-height-default elementor-section-height-default\" data-id=\"252e3e37\" data-element_type=\"section\" data-e-type=\"section\">\n\t\t\t\t\t\t<div class=\"elementor-container elementor-column-gap-default\">\n\t\t\t\t\t<div class=\"elementor-column elementor-col-100 elementor-top-column elementor-element elementor-element-47646a92\" data-id=\"47646a92\" data-element_type=\"column\" data-e-type=\"column\">\n\t\t\t<div class=\"elementor-widget-wrap elementor-element-populated\">\n\t\t\t\t\t\t<div class=\"elementor-element elementor-element-3ec9fc3f elementor-widget elementor-widget-text-editor\" data-id=\"3ec9fc3f\" data-element_type=\"widget\" data-e-type=\"widget\" data-widget_type=\"text-editor.default\">\n\t\t\t\t<div class=\"elementor-widget-container\">\n\t\t\t\t\t\t\t\t\t<p>[vc_row][vc_column][vc_column_text]<\/p>\n<h2>Angebot:<\/h2>\n<p class=\"font_8\">Das Angebot richtet sich an Kunden mit Wohnsitz in Europa. Die Produkte werden nur an Adressen in Europa geliefert.<\/p>\n\n<h2 class=\"font_8\"><span class=\"color_11\">Preis:<\/span><\/h2>\n<p class=\"font_8\"><span class=\"color_11\">Die Preise in diesem Katalog sind in Schweizer Franken angegeben, Nettobetr\u00e4ge, inklusive Mehrwertsteuer. <\/span><\/p>\n<p class=\"font_8\"><span class=\"color_11\">Nicht abgedeckt sind: Sch\u00e4den, die durch unsachgem\u00e4\u00dfe Pflege, Nichtbeachtung der Gebrauchsanweisung oder normalen Verschlei\u00df entstanden sind. <\/span><\/p>\n<h2 class=\"font_8\"><span class=\"color_11\">Verf\u00fcgbarkeit: <\/span><\/h2>\n<p class=\"font_8\"><span class=\"color_11\">Sollte ein Produkt nicht verf\u00fcgbar sein, werden wir Sie so schnell wie m\u00f6glich informieren. <\/span><\/p>\n<h2 class=\"font_8\"><span class=\"color_11\">Zahlungsmodalit\u00e4ten:<\/span><\/h2>\n<h4 class=\"font_8\"><span class=\"color_11\">Online-Bezahlung: <\/span><\/h4>\n<p class=\"font_8\"><span class=\"color_11\">Bei Lieferung per Post ist eine Vorauszahlung erforderlich. In diesem Fall erfolgt die Lieferung erst nach Eingang der Zahlung. Die bestellten Produkte werden nur f\u00fcr eine Frist von 7 Tagen reserviert.<\/span><\/p>\n<h2 class=\"font_8\"><span class=\"color_11\">Lieferung und Transport:<\/span><\/h2>\n<p class=\"font_8\">Standardlieferung: <br>5.95 CHF &#8211; Frist 2-3 Werktage<\/p>\n<p>Express-Lieferung :<br>9 CHF &#8211; Frist 1-2 Werktage<\/p>\n<h2 class=\"font_8\"><span class=\"wixGuard\">R\u00fcckgabe oder Umtausch von Waren:<span class=\"color_11\"><\/span><\/span><\/h2>\n<p class=\"font_8\">Die Artikel m\u00fcssen innerhalb von 15 Tagen nach Erhalt Ihres Pakets unversehrt und vollst\u00e4ndig in ihrer Originalverpackung (mit dem Etikett, falls der Artikel ein solches hat) zur\u00fcckgesendet werden.<\/p>\n<p class=\"font_8\"><span class=\"color_11\">Bitte kontaktieren Sie Zeyl per E-Mail unter <a href=\"mailto:zeyl.shop@hotmail.com\" data-auto-recognition=\"true\">contact@zeyl.ch<\/a>, um die zur\u00fcckgegebenen Artikel anzugeben. <\/span><\/p>\n<p class=\"font_8\">Die mit der R\u00fccksendung verbundenen Portokosten sind von Ihnen zu tragen. Nach Eingang des zur\u00fcckgesandten Artikels erhalten Sie nur die Kosten f\u00fcr den Artikel zur\u00fcckerstattet. Die Versandkosten f\u00fcr die erste Lieferung sind von Ihnen zu tragen.<\/p>\n<h2 class=\"font_8\"><span class=\"color_11\">Gesetzliche Garantien: <\/span><\/h2>\n<p class=\"font_8\"><span class=\"color_11\">\u00dcberpr\u00fcfen Sie den Zustand der gelieferten Waren unverz\u00fcglich, um offensichtliche Material- und Herstellungsfehler sowie Transportsch\u00e4den auszuschlie\u00dfen. Gem\u00e4\u00df dem Gesetz sind Sie verpflichtet, uns alle M\u00e4ngel oder Anomalien, die die gelieferten Waren betreffen, zu melden, damit wir Abhilfe schaffen k\u00f6nnen. <\/span><\/p>\n<h2 class=\"font_8\"><span class=\"color_11\">Datenschutz: <\/span><\/h2>\n<p class=\"font_8\"><span class=\"color_11\">Alle personenbezogenen Daten werden vertraulich behandelt. Die f\u00fcr die Verwaltung der Bestellung erforderlichen Informationen werden elektronisch verarbeitet und k\u00f6nnen im Rahmen der Verwaltung der Bestellung an verbundene Unternehmen weitergegeben werden. <\/span><\/p>\n<h2 class=\"font_8\"><span class=\"color_11\">Anwendbares Recht und Gerichtsstand: <\/span><\/h2>\n<p class=\"font_8\"><span class=\"color_11\">Das anwendbare Recht ist das Schweizer Recht, und alle Streitigkeiten werden vom Bezirksgericht Bern behandelt.<\/span><\/p>\n\n<p> <\/p>\n<p>[\/vc_column_text][\/vc_column][\/vc_row]<\/p>\t\t\t\t\t\t\t\t<\/div>\n\t\t\t\t<\/div>\n\t\t\t\t\t<\/div>\n\t\t<\/div>\n\t\t\t\t\t<\/div>\n\t\t<\/section>\n\t\t\t\t<\/div>\n\t\t","protected":false},"excerpt":{"rendered":"<p>[vc_row][vc_column][vc_column_text] Angebot: Das Angebot richtet sich an Kunden mit Wohnsitz in Europa. Die Produkte werden&#8230;<\/p>\n","protected":false},"author":1,"featured_media":0,"parent":0,"menu_order":0,"comment_status":"closed","ping_status":"closed","template":"","meta":{"footnotes":""},"class_list":["post-2712","page","type-page","status-publish","hentry"],"jetpack_sharing_enabled":true,"_links":{"self":[{"href":"https:\/\/zeyl.ch\/de\/wp-json\/wp\/v2\/pages\/2712","targetHints":{"allow":["GET"]}}],"collection":[{"href":"https:\/\/zeyl.ch\/de\/wp-json\/wp\/v2\/pages"}],"about":[{"href":"https:\/\/zeyl.ch\/de\/wp-json\/wp\/v2\/types\/page"}],"author":[{"embeddable":true,"href":"https:\/\/zeyl.ch\/de\/wp-json\/wp\/v2\/users\/1"}],"replies":[{"embeddable":true,"href":"https:\/\/zeyl.ch\/de\/wp-json\/wp\/v2\/comments?post=2712"}],"version-history":[{"count":6,"href":"https:\/\/zeyl.ch\/de\/wp-json\/wp\/v2\/pages\/2712\/revisions"}],"predecessor-version":[{"id":5011,"href":"https:\/\/zeyl.ch\/de\/wp-json\/wp\/v2\/pages\/2712\/revisions\/5011"}],"wp:attachment":[{"href":"https:\/\/zeyl.ch\/de\/wp-json\/wp\/v2\/media?parent=2712"}],"curies":[{"name":"wp","href":"https:\/\/api.w.org\/{rel}","templated":true}]}}